{"id":7,"date":"2009-05-01T04:23:25","date_gmt":"2009-05-01T11:23:25","guid":{"rendered":"http:\/\/www.crapcompo.org\/?page_id=7"},"modified":"2026-01-13T03:43:36","modified_gmt":"2026-01-13T10:43:36","slug":"crap-compo-2-tu-si-que-no-puedes","status":"publish","type":"page","link":"https:\/\/www.pixjuegos.com\/crapcompo\/?page_id=7","title":{"rendered":"CRAP 2: T\u00fa si que no puedes"},"content":{"rendered":"<p>Parodia, donde las haya, del concurso <a href=\"http:\/\/tutambienpuedes.net\/\">T\u00fa tambi\u00e9n puedes<\/a> de Nae <strong>Resultados (votaci\u00f3n democr\u00e1tica):<\/strong><\/p>\n<table border=\"0\">\n<tbody>\n<tr>\n<td><img decoding=\"async\" src=\"http:\/\/www.pixjuegos.com\/crapcompo\/crap2\/screenshots\/lion.jpg\" alt=\"\" \/><\/td>\n<td><a href=\"http:\/\/www.pixjuegos.com\/crapcompo\/crap2\/de lion live - ferminho.exe\">1\u00ba thelionlive &#8211; ferminho<\/a><\/td>\n<\/tr>\n<tr>\n<td><img decoding=\"async\" src=\"http:\/\/www.pixjuegos.com\/crapcompo\/crap2\/screenshots\/mortimer.jpg\" alt=\"\" \/><\/td>\n<td><a href=\"http:\/\/www.pixjuegos.com\/crapcompo\/crap2\/El viaje alucinante de Mortimer - momia.exe\">2\u00ba El viaje alucinante de Mortimer &#8211; momia<\/a><\/td>\n<\/tr>\n<tr>\n<td><img decoding=\"async\" src=\"http:\/\/www.pixjuegos.com\/crapcompo\/crap2\/screenshots\/elmostro.jpg\" alt=\"\" \/><\/td>\n<td><a href=\"http:\/\/www.pixjuegos.com\/crapcompo\/crap2\/el mostro - eqwer.exe\">3\u00ba elmostro &#8211; gnomwer<\/a><\/td>\n<\/tr>\n<tr>\n<td><img decoding=\"async\" src=\"http:\/\/www.pixjuegos.com\/crapcompo\/crap2\/screenshots\/quienasio.jpg\" alt=\"\" \/><\/td>\n<td><a href=\"http:\/\/www.pixjuegos.com\/crapcompo\/crap2\/quien a sio - bomberlink.exe\">4\u00ba quienasio &#8211; bomberlink<\/a><\/td>\n<\/tr>\n<tr>\n<td><img decoding=\"async\" src=\"http:\/\/www.pixjuegos.com\/crapcompo\/crap2\/screenshots\/carlitosre.jpg\" alt=\"\" \/><\/td>\n<td><a href=\"http:\/\/www.pixjuegos.com\/crapcompo\/crap2\/carlitos reloaded - donan.exe\">5\u00ba carlitosreloaded &#8211; donan<\/a><\/td>\n<\/tr>\n<\/tbody>\n<\/table>\n<p><strong>Resto de participantes:<\/strong><\/p>\n<table border=\"0\">\n<tbody>\n<tr>\n<td><img decoding=\"async\" src=\"http:\/\/www.pixjuegos.com\/crapcompo\/crap2\/screenshots\/cagarrutas.jpg\" alt=\"\" \/><\/td>\n<td><a href=\"http:\/\/www.pixjuegos.com\/crapcompo\/crap2\/cagarrutas - danko.exe\">cagarrutas &#8211; danko<\/a><\/td>\n<\/tr>\n<tr>\n<td><img decoding=\"async\" src=\"http:\/\/www.pixjuegos.com\/crapcompo\/crap2\/screenshots\/crapgame.jpg\" alt=\"\" \/><\/td>\n<td><a href=\"http:\/\/www.pixjuegos.com\/crapcompo\/crap2\/crapgame - animanegra.exe\">crapgame &#8211; animanegra<\/a><\/td>\n<\/tr>\n<tr>\n<td><img decoding=\"async\" src=\"http:\/\/www.pixjuegos.com\/crapcompo\/crap2\/screenshots\/craplandwin.jpg\" alt=\"\" \/><\/td>\n<td><a href=\"http:\/\/www.pixjuegos.com\/crapcompo\/crap2\/craplandwin - theosk.rar\">craplandwin &#8211; theosk<\/a><\/td>\n<\/tr>\n<tr>\n<td><img decoding=\"async\" src=\"http:\/\/www.pixjuegos.com\/crapcompo\/crap2\/screenshots\/dragonball.jpg\" alt=\"\" \/><\/td>\n<td><a href=\"http:\/\/www.pixjuegos.com\/crapcompo\/crap2\/dragon ball z fenix adventure.exe - pixel.exe\">Dragon Ball Z F\u00e9nix Adventure &#8211; pixel<\/a><\/td>\n<\/tr>\n<tr>\n<td><img decoding=\"async\" src=\"http:\/\/www.pixjuegos.com\/crapcompo\/crap2\/screenshots\/hazmecas.jpg\" alt=\"\" \/><\/td>\n<td><a href=\"http:\/\/www.pixjuegos.com\/crapcompo\/crap2\/hazmecas - rathsodic.exe\">hazmecas &#8211; rathsodic<\/a><\/td>\n<\/tr>\n<tr>\n<td><img decoding=\"async\" src=\"http:\/\/www.pixjuegos.com\/crapcompo\/crap2\/screenshots\/nada.jpg\" alt=\"\" \/><\/td>\n<td><a href=\"http:\/\/www.pixjuegos.com\/crapcompo\/crap2\/nada - shuriken.exe\">NADA &#8211; shuriken<\/a><\/td>\n<\/tr>\n<tr>\n<td><img decoding=\"async\" src=\"http:\/\/www.pixjuegos.com\/crapcompo\/crap2\/screenshots\/wouc.jpg\" alt=\"\" \/><\/td>\n<td><a href=\"http:\/\/www.pixjuegos.com\/crapcompo\/crap2\/wouc - theosk.exe\">WouC &#8211; theosk<\/a><\/td>\n<\/tr>\n<\/tbody>\n<\/table>\n","protected":false},"excerpt":{"rendered":"<p>Parodia, donde las haya, del concurso T\u00fa tambi\u00e9n puedes de Nae Resultados (votaci\u00f3n democr\u00e1tica): 1\u00ba thelionlive &#8211; ferminho 2\u00ba El viaje alucinante de Mortimer &#8211; momia 3\u00ba elmostro &#8211; gnomwer 4\u00ba quienasio &#8211; bomberlink 5\u00ba carlitosreloaded &#8211; donan Resto de participantes: cagarrutas &#8211; danko crapgame &#8211; animanegra craplandwin &#8211; theosk Dragon Ball Z F\u00e9nix Adventure [&hellip;]<\/p>\n","protected":false},"author":1,"featured_media":0,"parent":0,"menu_order":3,"comment_status":"closed","ping_status":"closed","template":"","meta":{"footnotes":""},"class_list":["post-7","page","type-page","status-publish","hentry"],"_links":{"self":[{"href":"https:\/\/www.pixjuegos.com\/crapcompo\/index.php?rest_route=\/wp\/v2\/pages\/7","targetHints":{"allow":["GET"]}}],"collection":[{"href":"https:\/\/www.pixjuegos.com\/crapcompo\/index.php?rest_route=\/wp\/v2\/pages"}],"about":[{"href":"https:\/\/www.pixjuegos.com\/crapcompo\/index.php?rest_route=\/wp\/v2\/types\/page"}],"author":[{"embeddable":true,"href":"https:\/\/www.pixjuegos.com\/crapcompo\/index.php?rest_route=\/wp\/v2\/users\/1"}],"replies":[{"embeddable":true,"href":"https:\/\/www.pixjuegos.com\/crapcompo\/index.php?rest_route=%2Fwp%2Fv2%2Fcomments&post=7"}],"version-history":[{"count":10,"href":"https:\/\/www.pixjuegos.com\/crapcompo\/index.php?rest_route=\/wp\/v2\/pages\/7\/revisions"}],"predecessor-version":[{"id":92,"href":"https:\/\/www.pixjuegos.com\/crapcompo\/index.php?rest_route=\/wp\/v2\/pages\/7\/revisions\/92"}],"wp:attachment":[{"href":"https:\/\/www.pixjuegos.com\/crapcompo\/index.php?rest_route=%2Fwp%2Fv2%2Fmedia&parent=7"}],"curies":[{"name":"wp","href":"https:\/\/api.w.org\/{rel}","templated":true}]}}